{"id":17,"date":"2015-06-11T16:12:52","date_gmt":"2015-06-11T14:12:52","guid":{"rendered":"http:\/\/www.go-flip.de\/wp\/?page_id=17"},"modified":"2019-08-09T14:12:45","modified_gmt":"2019-08-09T12:12:45","slug":"impressum","status":"publish","type":"page","link":"http:\/\/www.go-flip.de\/wp\/?page_id=17","title":{"rendered":"Impressum"},"content":{"rendered":"<p>Herausgeber und inhaltlich verantwortlich (\u201eAnbieterkennzeichnung\u201c) gem\u00e4\u00df \u00a7 5 Telemediengesetz (TMG):<\/p>\n<p>GoFlip! Touristik GmbH<br \/>\nAm H\u00fclsberg 4 | D-45772 Marl | Germany<br \/>\nFon: +49 (0) 23 65 . 69 95-41 | Fax: +49 (0) 23 65 . 69 95-42<br \/>\n<a href=\"http:\/\/www.goflip.de\">http:\/\/www.goflip.de<\/a> | <a href=\"&#x6d;ai&#x6c;&#116;o&#x3a;&#105;n&#x66;&#111;&#64;&#x67;&#111;f&#x6c;&#x69;p&#x2e;&#x64;e\">&#x69;&#x6e;&#102;o&#64;&#x67;&#x6f;&#x66;&#108;ip&#x2e;&#x64;&#x65;<\/a><\/p>\n<p>Gesch\u00e4ftsf\u00fchrer: Kathrin Overhoff<br \/>\nRegistergericht: Amtsgericht Gelsenkirchen | HRB 11138<br \/>\nUSt.-Id.-Nr.: DE278097906 | Steuernr.: 359\/5758\/4279<br \/>\nGerichtsstand: Amtsgericht Marl<\/p>\n<p>Es gelten unsere Allgemeinen Gesch\u00e4ftsbedingungen (\u201eAGB\u201c),<br \/>\nwelche auf Wunsch zur Verf\u00fcgung gestellt werden k\u00f6nnen.<\/p>\n<hr \/>\n<p>Haftungsausschluss \/ Disclaimer:<\/p>\n<p>1. Haftungsbeschr\u00e4nkung<br \/>\nDie Inhalte dieser Website wurden\/werden vom Herausgeber\/Anbieter mit gr\u00f6\u00dftm\u00f6glicher Sorgfalt erstellt \/ aktualisiert. Der Anbieter \u00fcbernimmt jedoch keine Gew\u00e4hr f\u00fcr die Richtigkeit, Vollst\u00e4ndigkeit und Aktualit\u00e4t der bereitgestellten Inhalte. Die Nutzung der Inhalte der Website erfolgt auf eigene Gefahr des Nutzers. Namentlich gekennzeichnete Beitr\u00e4ge geben die Meinung des jeweiligen Autors und nicht immer die Meinung des Anbieters wieder. Mit der reinen Nutzung der Website des Anbieters kommt keinerlei Vertragsverh\u00e4ltnis zwischen dem Nutzer und dem Anbieter zustande.<\/p>\n<p>2. Externe Links<br \/>\nDiese Website enth\u00e4lt m\u00f6glicherweise Verkn\u00fcpfungen zu Websites Dritter (&#8222;externe Links&#8220; \/ &#8222;Hyperlinks&#8220;). Diese Websites unterliegen der Haftung der jeweiligen Betreiber. Der Anbieter hat bei der erstmaligen Verkn\u00fcpfung der externen Links die fremden Inhalte daraufhin \u00fcberpr\u00fcft, ob etwaige Rechtsverst\u00f6\u00dfe bestehen. Zu dem Zeitpunkt waren keine Rechtsverst\u00f6\u00dfe ersichtlich. Der Anbieter hat keinerlei Einfluss auf die aktuelle und zuk\u00fcnftige Gestaltung und auf die Inhalte der verkn\u00fcpften Seiten. Das Setzen von externen Links bedeutet nicht, dass sich der Anbieter die hinter dem Verweis oder Link liegenden Inhalte zu Eigen macht. Eine st\u00e4ndige Kontrolle der externen Links ist f\u00fcr den Anbieter ohne konkrete Hinweise auf Rechtsverst\u00f6\u00dfe nicht zumutbar. Bei Kenntnis von Rechtsverst\u00f6\u00dfen werden jedoch derartige externe Links unverz\u00fcglich gel\u00f6scht.<\/p>\n<p>3. Urheber- und Leistungsschutzrechte<br \/>\nDie auf dieser Website ver\u00f6ffentlichten Inhalte unterliegen dem deutschen Urheber- und Leistungsschutzrecht. Jede vom deutschen Urheber- und Leistungsschutzrecht nicht zugelassene Verwertung bedarf der vorherigen schriftlichen Zustimmung des Anbieters oder des jeweiligen Rechteinhabers. Dies gilt insbesondere f\u00fcr Vervielf\u00e4ltigung, Bearbeitung, \u00dcbersetzung, Einspeicherung, Verarbeitung bzw. Wiedergabe von Inhalten in Datenbanken oder anderen elektronischen Medien und Systemen. Inhalte und Rechte Dritter sind dabei als solche gekennzeichnet. Die unerlaubte Vervielf\u00e4ltigung oder Weitergabe einzelner Inhalte oder kompletter Seiten ist nicht gestattet und strafbar. Lediglich die Herstellung von Kopien und Downloads f\u00fcr den pers\u00f6nlichen, privaten und nicht kommerziellen Gebrauch ist erlaubt. Die Darstellung dieser Website in fremden Frames oder Teilbereichen anderer Internetpr\u00e4senzen) ist nur mit schriftlicher Erlaubnis zul\u00e4ssig.<\/p>\n<p>4. Datenschutz<br \/>\nDurch den Besuch der Website des Anbieters k\u00f6nnen Informationen \u00fcber den Zugriff (Datum, Uhrzeit, betrachtete Seite) gespeichert werden. Diese Daten geh\u00f6ren nicht zu den personenbezogenen Daten, sondern sind anonymisiert. Sie werden ausschlie\u00dflich zu statistischen Zwecken ausgewertet. Eine Weitergabe an Dritte, zu kommerziellen oder nichtkommerziellen Zwecken, findet nicht statt. Der Anbieter weist ausdr\u00fccklich darauf hin, dass die Daten\u00fcbertragung im Internet (z.B. bei der Kommunikation per E-Mail) Sicherheitsl\u00fccken aufweisen und nicht l\u00fcckenlos vor dem Zugriff durch Dritte gesch\u00fctzt werden kann. Die Verwendung der Kontaktdaten des Impressums zur gewerblichen Werbung ist ausdr\u00fccklich nicht erw\u00fcnscht, es sei denn der Anbieter hatte zuvor seine schriftliche Einwilligung erteilt oder es besteht bereits eine Gesch\u00e4ftsbeziehung. Der Anbieter und alle auf dieser Website genannten Personen widersprechen hiermit ausdr\u00fccklich jeder kommerziellen Verwendung und Weitergabe ihrer Daten.<\/p>\n<p><a href=\"http:\/\/www.go-flip.de\/wp\/index.php\/datenschutzerklaerung\/\">Datenschutzerkl\u00e4rung<\/a><\/p>\n<p>Eintr\u00e4ge, die vom Benutzer\/User z.B. in Kontaktformularen, Anfrage- oder Angebotsformularen get\u00e4tigt werden, erfolgen stets auf freiwilliger Basis. Eine entsprechende Beantwortung beh\u00e4lt sich der Anbieter vor. Der Rechtsweg ist bei derartigen Internetformularen hier ausgeschlossen und es kommen mit Versenden von Formularen \u00fcber die hier vorliegenden Internetseiten keinerlei Vertr\u00e4ge oder rechtliche Verpflichtungen zustande.<\/p>\n<p>5. Besondere Nutzungsbedingungen<br \/>\nSoweit besondere Bedingungen f\u00fcr einzelne Nutzungen dieser Website von den vorgenannten Nummern 1. bis 4. abweichen, wird an entsprechender Stelle ausdr\u00fccklich darauf hingewiesen. In diesem Falle gelten im jeweiligen Einzelfall die besonderen Nutzungsbedingungen.<\/p>\n<hr \/>\n<p>Diese Website benutzt den kostenlosen Flashcounter Besucherz\u00e4hler, einen kostenlosen Dienst der Team23 Webagentur zur statistischen Auswertung der Besucherzugriffe. F\u00fcr die technische Umsetzung werden Cookies (Textdateien, die auf dem Computer der Besucher der Webseite gespeichert werden) und die Speicherung Ihrer IP-Adresse ben\u00f6tigt. Diese Daten sind f\u00fcr den Anbieter nicht bestimmten Personen zuordenbar. Eine Zusammenf\u00fchrung der IP-Adresse mit anderen Datenquellen wird nicht vorgenommen. Die IP-Adressen und Cookies werden in der Regel nach einigen Tagen aber sp\u00e4testens nach einem Monat gel\u00f6scht. Die durch den Cookie erzeugten Informationen \u00fcber Ihre Benutzung dieses Internetangebotes werden auf dem Server der Team23 Internetagentur in Deutschland gespeichert. Die IP-Adresse wird vor deren Speicherung anonymisiert.<\/p>\n<p>Ihr Besuch dieser Webseite wird aktuell v\u00f6llig anonym von der FlashCounter Webanalyse erfasst.<\/p>\n<p>Wenn Sie dies nicht w\u00fcnschen, k\u00f6nnen Sie die Installation von Cookies durch eine entsprechende Einstellung Ihrer Browser-Software generell verhindern. In diesem Fall k\u00f6nnen jedoch auf diversen Websites nicht s\u00e4mtliche Funktionen uneingeschr\u00e4nkt nutzbar sein.<\/p>\n<p>Eine weitere M\u00f6glichkeit, nicht von der Webanalyse erfasst zu werden, ist ein Widerspruch in Form der Speicherung eines sogenannten Opt-Out-Cookies in Ihrem Browser. Solange dieser in Ihrem Browser abgelegt ist, wird FlashCounter Ihre Benutzerdaten nicht analysieren.<\/p>\n<p>Bitte beachten Sie, dass Ihr Widerspruch nicht mehr nachvollzogen werden kann, wenn Sie die Website mit einem anderen Browser besuchen oder den Opt-Out-Cookie zwischenzeitlich gel\u00f6scht haben. In diesem Fall ist eine erneute Speicherung des Opt-Out-Cookies n\u00f6tig.<\/p>\n<p>Klicken Sie den folgenden Link, um den FlashCounter-Opt-Out-Cookie in Ihrem Browser abzulegen: <a href=\"http:\/\/fc.webmasterpro.de\/optoutcookie.html\">http:\/\/fc.webmasterpro.de\/optoutcookie.html<\/a><\/p>\n","protected":false},"excerpt":{"rendered":"<p>Herausgeber und inhaltlich verantwortlich (\u201eAnbieterkennzeichnung\u201c) gem\u00e4\u00df \u00a7 5 Telemediengesetz (TMG): GoFlip! Touristik GmbH Am H\u00fclsberg 4 | D-45772 Marl | Germany Fon: +49 (0) 23 65 . 69 95-41 | Fax: +49<a class=\"moretag\" href=\"http:\/\/www.go-flip.de\/wp\/?page_id=17\">Read More&#8230;<\/a><\/p>\n","protected":false},"author":1,"featured_media":0,"parent":0,"menu_order":0,"comment_status":"closed","ping_status":"closed","template":"","meta":{"footnotes":""},"class_list":["post-17","page","type-page","status-publish","hentry"],"_links":{"self":[{"href":"http:\/\/www.go-flip.de\/wp\/index.php?rest_route=\/wp\/v2\/pages\/17","targetHints":{"allow":["GET"]}}],"collection":[{"href":"http:\/\/www.go-flip.de\/wp\/index.php?rest_route=\/wp\/v2\/pages"}],"about":[{"href":"http:\/\/www.go-flip.de\/wp\/index.php?rest_route=\/wp\/v2\/types\/page"}],"author":[{"embeddable":true,"href":"http:\/\/www.go-flip.de\/wp\/index.php?rest_route=\/wp\/v2\/users\/1"}],"replies":[{"embeddable":true,"href":"http:\/\/www.go-flip.de\/wp\/index.php?rest_route=%2Fwp%2Fv2%2Fcomments&post=17"}],"version-history":[{"count":6,"href":"http:\/\/www.go-flip.de\/wp\/index.php?rest_route=\/wp\/v2\/pages\/17\/revisions"}],"predecessor-version":[{"id":260,"href":"http:\/\/www.go-flip.de\/wp\/index.php?rest_route=\/wp\/v2\/pages\/17\/revisions\/260"}],"wp:attachment":[{"href":"http:\/\/www.go-flip.de\/wp\/index.php?rest_route=%2Fwp%2Fv2%2Fmedia&parent=17"}],"curies":[{"name":"wp","href":"https:\/\/api.w.org\/{rel}","templated":true}]}}