{"id":27,"date":"2015-06-11T16:39:42","date_gmt":"2015-06-11T14:39:42","guid":{"rendered":"http:\/\/www.go-flip.de\/wp\/?page_id=27"},"modified":"2025-01-31T16:48:53","modified_gmt":"2025-01-31T15:48:53","slug":"home","status":"publish","type":"page","link":"http:\/\/www.go-flip.de\/wp\/","title":{"rendered":"Home"},"content":{"rendered":"<p><img loading=\"lazy\" decoding=\"async\" class=\"alignright size-full wp-image-63\" src=\"http:\/\/www.go-flip.de\/wp\/wp-content\/uploads\/2015\/06\/gf_illustration_04.jpg\" alt=\"\" width=\"275\" height=\"284\" \/><strong>Wir begr\u00fc\u00dfen Sie<\/strong> auf der Startseite der GoFlip! Touristik GmbH.<\/p>\n<p>Wir verstehen uns als Ihr modernes, leistungsstarkes und flexibles Dienstleistungsunternehmen &#8211; mit den Schwerpunkten: Bus-\/Fahrzeugvermittlung, Limousinenservice, Logistikservice f\u00fcr Gro\u00dfveranstaltungen, Charter und Touristik, Reise-Individuall\u00f6sungen sowie Event- und VIP-Service. <strong>Alles ist m\u00f6glich!<\/strong> Wir bieten Ihnen zuverl\u00e4ssige Bustransfers und Shuttles f\u00fcr Ihre Gro\u00dfereignisse &#8211; aus einer Hand! &#8211; Ihre Firma oder Abteilung plant eine Themenreise, Incentive- oder Firmenfahrt? Sie ben\u00f6tigen ein ausgekl\u00fcgeltes Transfer- und Logistikkonzept? Sie m\u00f6chten VIP&#8217;s mit einem guten Gef\u00fchl bef\u00f6rdern lassen? &#8230;<\/p>\n<p>Dann sind Sie bei uns richtig. Die Antwort auf viele Fragen ist so simpel: &#8222;GoFlip!&#8220;<\/p>\n<p><span style=\"color: #ff0000;\"><em><strong data-rich-text-format-boundary=\"true\">WICHTIGER HINWEIS: Vermehrt wird missbr\u00e4uchlich (\u00fcber Facebook, Ebay o.\u00e4.) unter unserem Namen &#8222;anzeigenartig&#8220; inseriert und willk\u00fcrlich ver\u00f6ffentlicht (z.T. mit den Namen Kathrin Overhoff, Johannes-Gerd Overhoff und\/oder GoFlip!); es werden unsere Kontaktdaten missbr\u00e4uchlich verwendet! Wir bieten KEINE Sachen, Fahrzeuge, Gegenst\u00e4nde o.\u00e4. zum Verkauf an! Wir bitten jeden Betroffenen, umgehend bei der Polizei Meldung zu erstatten. Vielen Dank f\u00fcr Ihre Mithilfe.<\/strong><\/em><\/span><\/p>\n\n","protected":false},"excerpt":{"rendered":"<p>Wir begr\u00fc\u00dfen Sie auf der Startseite der GoFlip! Touristik GmbH. Wir verstehen uns als Ihr modernes, leistungsstarkes und flexibles Dienstleistungsunternehmen &#8211; mit den Schwerpunkten: Bus-\/Fahrzeugvermittlung, Limousinenservice, Logistikservice f\u00fcr Gro\u00dfveranstaltungen, Charter und Touristik,<a class=\"moretag\" href=\"http:\/\/www.go-flip.de\/wp\/\">Read More&#8230;<\/a><\/p>\n","protected":false},"author":1,"featured_media":0,"parent":0,"menu_order":0,"comment_status":"closed","ping_status":"closed","template":"","meta":{"footnotes":""},"class_list":["post-27","page","type-page","status-publish","hentry"],"_links":{"self":[{"href":"http:\/\/www.go-flip.de\/wp\/index.php?rest_route=\/wp\/v2\/pages\/27","targetHints":{"allow":["GET"]}}],"collection":[{"href":"http:\/\/www.go-flip.de\/wp\/index.php?rest_route=\/wp\/v2\/pages"}],"about":[{"href":"http:\/\/www.go-flip.de\/wp\/index.php?rest_route=\/wp\/v2\/types\/page"}],"author":[{"embeddable":true,"href":"http:\/\/www.go-flip.de\/wp\/index.php?rest_route=\/wp\/v2\/users\/1"}],"replies":[{"embeddable":true,"href":"http:\/\/www.go-flip.de\/wp\/index.php?rest_route=%2Fwp%2Fv2%2Fcomments&post=27"}],"version-history":[{"count":7,"href":"http:\/\/www.go-flip.de\/wp\/index.php?rest_route=\/wp\/v2\/pages\/27\/revisions"}],"predecessor-version":[{"id":278,"href":"http:\/\/www.go-flip.de\/wp\/index.php?rest_route=\/wp\/v2\/pages\/27\/revisions\/278"}],"wp:attachment":[{"href":"http:\/\/www.go-flip.de\/wp\/index.php?rest_route=%2Fwp%2Fv2%2Fmedia&parent=27"}],"curies":[{"name":"wp","href":"https:\/\/api.w.org\/{rel}","templated":true}]}}