{"id":7,"date":"2015-06-11T16:03:42","date_gmt":"2015-06-11T14:03:42","guid":{"rendered":"http:\/\/www.go-flip.de\/wp\/?page_id=7"},"modified":"2019-08-09T14:21:20","modified_gmt":"2019-08-09T12:21:20","slug":"philosophie","status":"publish","type":"page","link":"http:\/\/www.go-flip.de\/wp\/?page_id=7","title":{"rendered":"Philosophie"},"content":{"rendered":"<p><strong>Wir sind GoFlip!<\/strong><\/p>\n<p>Unsere Wurzeln liegen in der Busbranche und touristischem Marketing.<\/p>\n<p>Wir m\u00f6chten Ihnen <strong>zeitgem\u00e4\u00dfe Leistungen<\/strong> bieten. Das bedeutet, Marketing und Gestaltung &#8211; nat\u00fcrlich auch jenseits der Touristikbranche &#8211; am Puls der Zeit. Pers\u00f6nliche Verbindung mit dem Kunden. Professionelle Services. Print, Digital und mehr.<\/p>\n<p>Wussten Sie? Die Hauptattribute, die sich hinter &#8222;FLIP&#8220; verbergen: <strong>(F)riendly &#8211; (L)ikeable &#8211; (I)nspiring &#8211; (P)ersonal<\/strong> (was im Deutschen etwa so interpretiert werden k\u00f6nnte: das Firmenbild ist freundlich, es gibt eine freundliche Kundenbindung, die Ideen sind inspirierend, es herrscht eine pers\u00f6nliche Note und GoFlip! steht f\u00fcr absolut individuelle Leistungen). Nun, wir sind der Meinung, dass <strong>echte Leidenschaft<\/strong> aller Mitarbeiter und Beteiligten ein Garant f\u00fcr beste Leistungen ist! Ist es nicht immer so, dass ein Projekt im Nachfeld erst dann als Erfolg bezeichnet wird, wenn alle mit &#8222;Herzblut&#8220; dabei waren? Wir m\u00f6chten, dass Ihr Auftrag, Ihr Projekt zum uneingeschr\u00e4nkten Erfolg wird! Profitieren Sie von GoFlip!<\/p>\n<p>Wir freuen uns auf Ihre Projektanfragen.<\/p>\n<p>Ihr GoFlip!-Team<\/p>\n","protected":false},"excerpt":{"rendered":"<p>Wir sind GoFlip! Unsere Wurzeln liegen in der Busbranche und touristischem Marketing. Wir m\u00f6chten Ihnen zeitgem\u00e4\u00dfe Leistungen bieten. Das bedeutet, Marketing und Gestaltung &#8211; nat\u00fcrlich auch jenseits der Touristikbranche &#8211; am Puls<a class=\"moretag\" href=\"http:\/\/www.go-flip.de\/wp\/?page_id=7\">Read More&#8230;<\/a><\/p>\n","protected":false},"author":1,"featured_media":0,"parent":0,"menu_order":0,"comment_status":"closed","ping_status":"closed","template":"","meta":{"footnotes":""},"class_list":["post-7","page","type-page","status-publish","hentry"],"_links":{"self":[{"href":"http:\/\/www.go-flip.de\/wp\/index.php?rest_route=\/wp\/v2\/pages\/7","targetHints":{"allow":["GET"]}}],"collection":[{"href":"http:\/\/www.go-flip.de\/wp\/index.php?rest_route=\/wp\/v2\/pages"}],"about":[{"href":"http:\/\/www.go-flip.de\/wp\/index.php?rest_route=\/wp\/v2\/types\/page"}],"author":[{"embeddable":true,"href":"http:\/\/www.go-flip.de\/wp\/index.php?rest_route=\/wp\/v2\/users\/1"}],"replies":[{"embeddable":true,"href":"http:\/\/www.go-flip.de\/wp\/index.php?rest_route=%2Fwp%2Fv2%2Fcomments&post=7"}],"version-history":[{"count":12,"href":"http:\/\/www.go-flip.de\/wp\/index.php?rest_route=\/wp\/v2\/pages\/7\/revisions"}],"predecessor-version":[{"id":261,"href":"http:\/\/www.go-flip.de\/wp\/index.php?rest_route=\/wp\/v2\/pages\/7\/revisions\/261"}],"wp:attachment":[{"href":"http:\/\/www.go-flip.de\/wp\/index.php?rest_route=%2Fwp%2Fv2%2Fmedia&parent=7"}],"curies":[{"name":"wp","href":"https:\/\/api.w.org\/{rel}","templated":true}]}}