{"id":9,"date":"2015-06-11T16:06:13","date_gmt":"2015-06-11T14:06:13","guid":{"rendered":"http:\/\/www.go-flip.de\/wp\/?page_id=9"},"modified":"2017-01-06T12:53:18","modified_gmt":"2017-01-06T11:53:18","slug":"service","status":"publish","type":"page","link":"http:\/\/www.go-flip.de\/wp\/?page_id=9","title":{"rendered":"Service"},"content":{"rendered":"<p>Unsere Dienstleistungen f\u00fcr Sie:<a href=\"http:\/\/www.go-flip.de\/wp\/wp-content\/uploads\/2015\/06\/gf_wheels_01.jpg\"><img loading=\"lazy\" decoding=\"async\" class=\"alignright size-full wp-image-66\" src=\"http:\/\/www.go-flip.de\/wp\/wp-content\/uploads\/2015\/06\/gf_wheels_01.jpg\" alt=\"\" width=\"290\" height=\"384\" srcset=\"http:\/\/www.go-flip.de\/wp\/wp-content\/uploads\/2015\/06\/gf_wheels_01.jpg 290w, http:\/\/www.go-flip.de\/wp\/wp-content\/uploads\/2015\/06\/gf_wheels_01-227x300.jpg 227w\" sizes=\"auto, (max-width: 290px) 100vw, 290px\" \/><\/a><\/p>\n<ul>\n<li>Bus-Transfers<\/li>\n<li>Bus-Shuttleservice<\/li>\n<li>High-End Limousinenservice<\/li>\n<li>Gesamtlogistikkonzepte f\u00fcr Gro\u00dfveranstaltungen, inkl. Dispo- und Orga-Personal<\/li>\n<li>Buscharter f\u00fcr touristische Zwecke<\/li>\n<li>Tagesfahrten, Gruppenreisen, Urlaubsreisen<\/li>\n<li>Incentive-Fahrten (ein- oder mehrt\u00e4gig), Organisation von Aktivit\u00e4ten, Firmen-Komplettpakete<\/li>\n<li>Promotion-Touren<\/li>\n<li>Sports- und V.I.P.-Touren,\u00a0Club- und Teamfahrten<\/li>\n<li>Band-Busse, Infobusse &amp; Co.<\/li>\n<li>Stadtrundfahrten, Werksbesichtigungen etc.<\/li>\n<li>Klassische Einzelfahrten,\u00a0Schulfahrten<\/li>\n<li>Fahrzeugvermittlung, An- und Verkauf<\/li>\n<li>Marketingdienstleistungen\u00a0(Konzeption, Grafik, Print, Web, Werbetechnik)<\/li>\n<\/ul>\n","protected":false},"excerpt":{"rendered":"<p>Unsere Dienstleistungen f\u00fcr Sie: Bus-Transfers Bus-Shuttleservice High-End Limousinenservice Gesamtlogistikkonzepte f\u00fcr Gro\u00dfveranstaltungen, inkl. Dispo- und Orga-Personal Buscharter f\u00fcr touristische Zwecke Tagesfahrten, Gruppenreisen, Urlaubsreisen Incentive-Fahrten (ein- oder mehrt\u00e4gig), Organisation von Aktivit\u00e4ten, Firmen-Komplettpakete Promotion-Touren Sports-<a class=\"moretag\" href=\"http:\/\/www.go-flip.de\/wp\/?page_id=9\">Read More&#8230;<\/a><\/p>\n","protected":false},"author":1,"featured_media":0,"parent":0,"menu_order":0,"comment_status":"closed","ping_status":"closed","template":"","meta":{"footnotes":""},"class_list":["post-9","page","type-page","status-publish","hentry"],"_links":{"self":[{"href":"http:\/\/www.go-flip.de\/wp\/index.php?rest_route=\/wp\/v2\/pages\/9","targetHints":{"allow":["GET"]}}],"collection":[{"href":"http:\/\/www.go-flip.de\/wp\/index.php?rest_route=\/wp\/v2\/pages"}],"about":[{"href":"http:\/\/www.go-flip.de\/wp\/index.php?rest_route=\/wp\/v2\/types\/page"}],"author":[{"embeddable":true,"href":"http:\/\/www.go-flip.de\/wp\/index.php?rest_route=\/wp\/v2\/users\/1"}],"replies":[{"embeddable":true,"href":"http:\/\/www.go-flip.de\/wp\/index.php?rest_route=%2Fwp%2Fv2%2Fcomments&post=9"}],"version-history":[{"count":4,"href":"http:\/\/www.go-flip.de\/wp\/index.php?rest_route=\/wp\/v2\/pages\/9\/revisions"}],"predecessor-version":[{"id":100,"href":"http:\/\/www.go-flip.de\/wp\/index.php?rest_route=\/wp\/v2\/pages\/9\/revisions\/100"}],"wp:attachment":[{"href":"http:\/\/www.go-flip.de\/wp\/index.php?rest_route=%2Fwp%2Fv2%2Fmedia&parent=9"}],"curies":[{"name":"wp","href":"https:\/\/api.w.org\/{rel}","templated":true}]}}